{"id":218,"date":"2025-01-29T14:02:48","date_gmt":"2025-01-29T13:02:48","guid":{"rendered":"https:\/\/parfumpourmaison.com\/livraison\/"},"modified":"2025-01-30T16:04:18","modified_gmt":"2025-01-30T15:04:18","slug":"delivery","status":"publish","type":"page","link":"https:\/\/parfumpourmaison.com\/en\/delivery\/","title":{"rendered":"Delivery"},"content":{"rendered":"<div class=\"wpb-content-wrapper\"><div class=\"vc_row wpb_row vc_row-fluid\"><div class=\"wpb_column vc_column_container vc_col-sm-12\"><div class=\"vc_column-inner\"><div class=\"wpb_wrapper\">\n\t<div class=\"wpb_text_column wpb_content_element\" >\n\t\t<div class=\"wpb_wrapper\">\n\t\t\t<h2>Shipping and returns<\/h2>\n<h3>Shipping your parcel<\/h3>\n<p>Packages are generally dispatched within 2 days after receipt of payment and are shipped via UPS with tracking and drop-off without signature. Packages are dispatched via UPS with tracking and drop-off without signature. Packages can also be shipped via UPS Extra with tracking and drop-off without signature. Please contact us before choosing this method of delivery, as it involves additional costs. Whichever shipment choice you make, we will send you a link to track your package online.<\/p>\n<p>Shipping costs include preparation, packaging and postage. Preparation costs are fixed, while transport costs vary according to the total weight of the parcel. We recommend that you combine all your items in a single order. We cannot group two distinct orders placed separately, and shipping fees will apply to each of them. Your package will be dispatched at your own risk, but special care is taken to protect fragile objects.<\/p>\n<p>The boxes are the right size and your items are properly protected.<\/p>\n\n\t\t<\/div>\n\t<\/div>\n<\/div><\/div><\/div><\/div>\n<\/div>","protected":false},"excerpt":{"rendered":"<p>Exp\u00e9ditions et\u00a0retours Exp\u00e9dition de votre colis Les colis sont g\u00e9n\u00e9ralement exp\u00e9di\u00e9s dans un d\u00e9lai de 2\u00a0jours apr\u00e8s r\u00e9ception du paiement. Ils sont exp\u00e9di\u00e9s via UPS avec un num\u00e9ro de suivi et remis sans signature. Les colis peuvent \u00e9galement \u00eatre exp\u00e9di\u00e9s via UPS Extra et remis contre signature. Veuillez nous contacter avant de choisir ce mode&hellip;<\/p>","protected":false},"author":1,"featured_media":0,"parent":0,"menu_order":0,"comment_status":"closed","ping_status":"closed","template":"","meta":{"inline_featured_image":false,"footnotes":""},"class_list":["post-218","page","type-page","status-publish","hentry","description-off"],"_links":{"self":[{"href":"https:\/\/parfumpourmaison.com\/en\/wp-json\/wp\/v2\/pages\/218","targetHints":{"allow":["GET"]}}],"collection":[{"href":"https:\/\/parfumpourmaison.com\/en\/wp-json\/wp\/v2\/pages"}],"about":[{"href":"https:\/\/parfumpourmaison.com\/en\/wp-json\/wp\/v2\/types\/page"}],"author":[{"embeddable":true,"href":"https:\/\/parfumpourmaison.com\/en\/wp-json\/wp\/v2\/users\/1"}],"replies":[{"embeddable":true,"href":"https:\/\/parfumpourmaison.com\/en\/wp-json\/wp\/v2\/comments?post=218"}],"version-history":[{"count":1,"href":"https:\/\/parfumpourmaison.com\/en\/wp-json\/wp\/v2\/pages\/218\/revisions"}],"predecessor-version":[{"id":225,"href":"https:\/\/parfumpourmaison.com\/en\/wp-json\/wp\/v2\/pages\/218\/revisions\/225"}],"wp:attachment":[{"href":"https:\/\/parfumpourmaison.com\/en\/wp-json\/wp\/v2\/media?parent=218"}],"curies":[{"name":"wp","href":"https:\/\/api.w.org\/{rel}","templated":true}]}}